{"id":521,"date":"2014-02-03T09:17:17","date_gmt":"2014-02-03T18:17:17","guid":{"rendered":"http:\/\/redm.ca\/?page_id=521"},"modified":"2022-02-08T08:58:28","modified_gmt":"2022-02-08T17:58:28","slug":"das-antragsverfahren","status":"publish","type":"page","link":"https:\/\/redm.ca\/de\/das-antragsverfahren\/","title":{"rendered":"Das Antragsverfahren"},"content":{"rendered":"\n<p>Das Antragsverfahren l\u00e4sst sich in die folgenden f\u00fcnf Phasen unterteilen:<\/p>\n\n\n\n<p><b>1. Erstes Gespr<\/b><b>\u00e4<\/b><b>ch<\/b><b><br><\/b>Nach der ersten Kontaktaufnahme vereinbaren wir einen Termin mit Ihnen, um Ihre W\u00fcnsche zu besprechen. Dieser Termin kann selbstverst\u00e4ndlich auch per Telefon, \u00fcber FaceTime oder Skype abgehalten werden. Wenn Ihre W\u00fcnsche und pers\u00f6nlichen Umst\u00e4nde bereits klar definiert sind, k\u00f6nnen wir direkt zu einer Besprechung Ihrer M\u00f6glichkeiten \u00fcbergehen. In allen anderen F\u00e4llen verschaffen wir uns zun\u00e4chst ein Bild von Ihrer Situation, um Ihnen eine ma\u00dfgeschneiderte Empfehlung erteilen zu k\u00f6nnen.<\/p>\n\n\n\n<p><b>2. Angebot<\/b><b><br><\/b>Auf der Grundlage Ihrer Entscheidungen senden wir Ihnen sowohl ein Angebot als auch einen Dienstleistungsvertrag zu. Wir stellen Ihnen lediglich ein Honorar f\u00fcr die Arbeiten in Rechnung, die wir auch tats\u00e4chlich f\u00fcr Sie verrichten; selbstverst\u00e4ndlich berechnen wir Ihnen keine von Ihnen selbst durchgef\u00fchrten T\u00e4tigkeiten. Zudem stellen wir Ihnen keine Kosten f\u00fcr allgemeine Informationen oder Formulare in Rechnung, die kostenlos bei der kanadischen Einwanderungsbeh\u00f6rde (\u201e<em>Immigration, Refugees and Citizenship Canada<\/em>\u201c, abgek\u00fcrzt auch \u201e<i>IRCC<\/i>\u201c) erh\u00e4ltlich sind. Unsere Dienstleistung ist absolut transparent, so dass Sie im Nachhinein keine unangenehmen \u00dcberraschungen erleben.<\/p>\n\n\n\n<p><b>3. Formulare und Unterlagen<\/b><b><br><\/b>Sobald Sie uns gr\u00fcnes Licht geben, bereiten wir alle erforderlichen Formulare f\u00fcr Sie vor und legen Ihnen eine detaillierte \u00dcbersicht \u00fcber die Unterlagen vor, die Sie zusammenzustellen haben. H\u00e4ufig m\u00fcssen diese Unterlagen bzw. zumindest ein Teil derselben auch von einem gerichtlich <a href=\"https:\/\/redmtrs.ca\" target=\"_blank\" rel=\"noopener noreferrer\">erm\u00e4chtigten \u00dcbersetzer<\/a> \u00fcbersetzt werden.<\/p>\n\n\n\n<p><b>4. Antragseinreichung<\/b><b><br><\/b>Sobald Ihr Antrag vollst\u00e4ndig ist und wir alle erforderlichen Formulare und Unterlagen von Ihnen zur\u00fcckerhalten haben, reichen wir den Antrag in Ihrem Namen bei der kanadischen Einwanderungsbeh\u00f6rde (<i>IRCC<\/i>) ein.<\/p>\n\n\n\n<p>Auch wenn dieser ausdr\u00fcckliche Hinweis vermutlich \u00fcberfl\u00fcssig ist, m\u00f6chten wir Ihnen dennoch strikt davon abraten, unrichtige Informationen zu erteilen oder gef\u00e4lschte Unterlagen einzureichen. Hierbei handelt es sich gem\u00e4\u00df der kanadischen Einwanderungsgesetzgebung n\u00e4mlich um eine Straftat, die zur Folge haben kann, dass ein Antragsteller f\u00fcr \u201enicht zul\u00e4ssig\u201c erkl\u00e4rt wird. Dies bedeutet, dass die kanadische Einwanderungsbeh\u00f6rde kein Visum ausstellen wird!<\/p>\n\n\n\n<p><b>5. Abwarten<br><\/b>Nach der Einreichung Ihres Antrags ben\u00f6tigt die Einwanderungsbeh\u00f6rde (<i>IRCC<\/i>) Zeit f\u00fcr die Bearbeitung. Wir informieren Sie \u00fcber den aktuellen Sachstand sowie eventuelle zus\u00e4tzliche Fragen der Einwanderungsbeh\u00f6rde. Nat\u00fcrlich werden wir auch daf\u00fcr Sorge tragen, dass diese Fragen so rasch wie m\u00f6glich beantwortet werden. Ferner m\u00f6chten wir Sie noch darauf hinweisen, dass die Dauer der Bearbeitung Ihres Antrags durch die Einwanderungsbeh\u00f6rde von mehreren Faktoren abh\u00e4ngt, wie beispielsweise der Einwanderungskategorie, der Anzahl insgesamt zu bearbeitender Antr\u00e4ge in Ihrer Kategorie sowie Ihrem Herkunftsland.<\/p>\n\n\n\n<div class=\"wp-block-image\"><figure class=\"aligncenter size-large\"><a href=\"https:\/\/redm.ca\/wp-content\/uploads\/2020\/12\/2_iStock_000003055786Large_skiing-scaled.jpg\" data-rel=\"lightbox-image-0\" data-rl_title=\"\" data-rl_caption=\"\" title=\"\"><img loading=\"lazy\" decoding=\"async\" width=\"425\" height=\"282\" src=\"https:\/\/redm.ca\/wp-content\/uploads\/2013\/11\/2_iStock_000003055786XSmall_skiing.jpg\" alt=\"Der Westen Kanadas: der beste Pulverschnee\" class=\"wp-image-809\" srcset=\"https:\/\/redm.ca\/wp-content\/uploads\/2013\/11\/2_iStock_000003055786XSmall_skiing.jpg 425w, https:\/\/redm.ca\/wp-content\/uploads\/2013\/11\/2_iStock_000003055786XSmall_skiing-300x199.jpg 300w\" sizes=\"auto, (max-width: 425px) 100vw, 425px\" \/><\/a><\/figure><\/div>\n\n\n\n<p class=\"has-text-align-center\">Der Westen Kanadas: der beste Pulverschnee<\/p>\n","protected":false},"excerpt":{"rendered":"<p>Das Antragsverfahren l\u00e4sst sich in die folgenden f\u00fcnf Phasen unterteilen: 1. Erstes Gespr\u00e4chNach der ersten Kontaktaufnahme vereinbaren wir einen Termin mit Ihnen, um Ihre W\u00fcnsche zu besprechen. Dieser Termin kann selbstverst\u00e4ndlich auch per Telefon, \u00fcber FaceTime oder Skype abgehalten werden. Wenn Ihre W\u00fcnsche und pers\u00f6nlichen Umst\u00e4nde bereits klar definiert sind, k\u00f6nnen wir direkt zu einer [&hellip;]<\/p>\n","protected":false},"author":3,"featured_media":0,"parent":0,"menu_order":0,"comment_status":"closed","ping_status":"closed","template":"","meta":{"_genesis_hide_title":false,"_genesis_hide_breadcrumbs":false,"_genesis_hide_singular_image":false,"_genesis_hide_footer_widgets":false,"_genesis_custom_body_class":"","_genesis_custom_post_class":"","_genesis_layout":"","footnotes":""},"class_list":{"0":"post-521","1":"page","2":"type-page","3":"status-publish","5":"entry","6":"has-post-thumbnail"},"_links":{"self":[{"href":"https:\/\/redm.ca\/de\/wp-json\/wp\/v2\/pages\/521","targetHints":{"allow":["GET"]}}],"collection":[{"href":"https:\/\/redm.ca\/de\/wp-json\/wp\/v2\/pages"}],"about":[{"href":"https:\/\/redm.ca\/de\/wp-json\/wp\/v2\/types\/page"}],"author":[{"embeddable":true,"href":"https:\/\/redm.ca\/de\/wp-json\/wp\/v2\/users\/3"}],"replies":[{"embeddable":true,"href":"https:\/\/redm.ca\/de\/wp-json\/wp\/v2\/comments?post=521"}],"version-history":[{"count":7,"href":"https:\/\/redm.ca\/de\/wp-json\/wp\/v2\/pages\/521\/revisions"}],"predecessor-version":[{"id":888,"href":"https:\/\/redm.ca\/de\/wp-json\/wp\/v2\/pages\/521\/revisions\/888"}],"wp:attachment":[{"href":"https:\/\/redm.ca\/de\/wp-json\/wp\/v2\/media?parent=521"}],"curies":[{"name":"wp","href":"https:\/\/api.w.org\/{rel}","templated":true}]}}