{"id":525,"date":"2014-02-03T09:19:31","date_gmt":"2014-02-03T18:19:31","guid":{"rendered":"http:\/\/redm.ca\/?page_id=525"},"modified":"2025-12-11T09:30:52","modified_gmt":"2025-12-11T18:30:52","slug":"nutzliche-links","status":"publish","type":"page","link":"https:\/\/redm.ca\/de\/nutzliche-links\/","title":{"rendered":"N\u00fctzliche Links"},"content":{"rendered":"<p>Diese Seite enth\u00e4lt eine Liste n\u00fctzlicher Links, die speziell zugunsten der derzeitigen und zuk\u00fcnftigen Kunden von Red Moose zusammengestellt wurde. Diese Links k\u00f6nnen allen Personen hilfreich sein, die sich mit einem Visumantrag f\u00fcr Kanada befassen, sei es im Rahmen einer dauerhaften Aufenthaltsgenehmigung oder aber im Rahmen eines Arbeits-, Studenten- oder Touristenvisums. Da Red Moose seinen Sitz in der Region Central Okanagan hat, konzentrieren sich einige dieser Links auch insbesondere auf diese Region.<\/p>\n<p>Schauen Sie sich in Ruhe die Websites dieser Organisationen an (sowohl aus dem \u00f6ffentlichen als auch dem privaten Sektor) und verschaffen Sie sich einen Eindruck von den Produkten und Dienstleistungen, die dieses Land, diese Provinz, diese Region und diese St\u00e4dte zu bieten haben. Falls Sie in diesem Zusammenhang weitere Vorschl\u00e4ge haben sollten, teilen Sie uns diese bitte mit!<\/p>\n<div>\n<p><b>Immigration &amp; Citizenship Canada (Einwanderungsbeh<\/b><b>\u00f6<\/b><b>rde)<\/b><\/p>\n<ul>\n<li><a href=\"http:\/\/www.cic.gc.ca\/english\/immigrate\/skilled\/apply-who.asp\" target=\"_blank\" rel=\"noopener noreferrer\">Federal Skilled Worker Program (FSWP)<\/a><\/li>\n<li><a href=\"http:\/\/www.cic.gc.ca\/english\/immigrate\/trades\/apply-who.asp\" target=\"_blank\" rel=\"noopener noreferrer\">Federal Skilled Trades Program (FSTP)<\/a><\/li>\n<li><a href=\"https:\/\/www.canada.ca\/en\/employment-social-development\/services\/foreign-workers.html\" target=\"_blank\" rel=\"noopener noreferrer\">Temporary Foreign Worker Program (TFWP)<\/a><\/li>\n<\/ul>\n<\/div>\n<div>\n<p><b>Die Provinz British Columbia<\/b><\/p>\n<\/div>\n<ul>\n<li><a href=\"https:\/\/www.welcomebc.ca\/immigrate-to-b-c\/about-the-bc-provincial-nominee-program\" target=\"_blank\" rel=\"noopener noreferrer\">Provincial Nominee Program (PNP)<\/a><\/li>\n<li><a href=\"https:\/\/www.welcomebc.ca\/Work-in-B-C\" target=\"_blank\" rel=\"noopener noreferrer\">Work in BC<\/a><\/li>\n<li><a href=\"https:\/\/www.welcomebc.ca\/immigrate-to-b-c\" target=\"_blank\" rel=\"noopener noreferrer\">Other Immigration Options and Information<\/a><\/li>\n<\/ul>\n<div>\n<p><b>Regionale Beh<\/b><b>\u00f6<\/b><b>rden im Okanagan Valley<\/b><\/p>\n<\/div>\n<ul>\n<li><a href=\"http:\/\/www.rdno.ca\/\" target=\"_blank\" rel=\"noopener noreferrer\">Regional District of North Okanagan<\/a><\/li>\n<li><a href=\"https:\/\/www.futuresbc.com\" target=\"_blank\" rel=\"noopener noreferrer\">Community Futures North Okanagan<\/a><\/li>\n<li><a href=\"https:\/\/www.investkelowna.com\" target=\"_blank\" rel=\"noopener noreferrer\">Central Okanagan Economic Development Commission<\/a><\/li>\n<li><a href=\"https:\/\/www.cfdcco.com\" target=\"_blank\" rel=\"noopener noreferrer\">Community Futures Development Corporation of the Central Okanagan<\/a><\/li>\n<li><a href=\"http:\/\/www.accelerateokanagan.com\/\" target=\"_blank\" rel=\"noopener noreferrer\">Accelerate Okanagan<\/a><\/li>\n<li><a href=\"http:\/\/www.rdos.bc.ca\/\" target=\"_blank\" rel=\"noopener noreferrer\">Regional District of Okanagan-Similkameen<\/a><\/li>\n<li><a href=\"http:\/\/www.cfokanagan.com\/\" target=\"_blank\" rel=\"noopener noreferrer\">Community Futures Okanagan Similkameen<\/a><\/li>\n<\/ul>\n<div>\n<p><b>St<\/b><b>\u00e4<\/b><b>dte im Okanagan Valley (lediglich die gr<\/b><b>\u00f6\u00df<\/b><b>eren St<\/b><b>\u00e4<\/b><b>dte)<\/b><\/p>\n<ul>\n<li><a href=\"http:\/\/www.vernon.ca\/\" target=\"_blank\" rel=\"noopener noreferrer\">City of Vernon<\/a><\/li>\n<li><a href=\"http:\/\/www.kelowna.ca\/\" target=\"_blank\" rel=\"noopener noreferrer\">City of Kelowna<\/a><\/li>\n<li><a href=\"https:\/\/www.westkelownacity.ca\/en\/index.aspx\" target=\"_blank\" rel=\"noopener noreferrer\">City of West Kelowna<\/a><\/li>\n<li><a href=\"http:\/\/www.penticton.ca\/\" target=\"_blank\" rel=\"noopener noreferrer\">City of Penticton<\/a><\/li>\n<\/ul>\n<\/div>\n<div>\n<p><b>Industrie- und Handelskammern im Okanagan Valley<\/b><\/p>\n<\/div>\n<ul>\n<li><a href=\"http:\/\/vernonchamber.ca\/\" target=\"_blank\" rel=\"noopener noreferrer\">Greater Vernon Chamber of Commerce<\/a><\/li>\n<li><a href=\"http:\/\/www.kelownachamber.org\" target=\"_blank\" rel=\"noopener noreferrer\">Kelowna Chamber<\/a><\/li>\n<li><a href=\"http:\/\/www.gwboardoftrade.com\/\" target=\"_blank\" rel=\"noopener noreferrer\">Greater Westside Board of Trade<\/a><\/li>\n<li><a href=\"http:\/\/www.penticton.org\/\" target=\"_blank\" rel=\"noopener noreferrer\">Penticton &amp; Wine Country Chamber of Commerce<\/a><\/li>\n<li><a href=\"http:\/\/www.sochamber.ca\/\" target=\"_blank\" rel=\"noopener noreferrer\">South Okanagan Chamber of Commerce<\/a><\/li>\n<\/ul>\n<div>\n<p><b>Praktische Apps f\u00fcr Neuank\u00f6mmlinge<\/b><\/p>\n<ul>\n<li><a href=\"https:\/\/www.peacegeeks.org\/projects\/welcome-to-canada\" target=\"_blank\" rel=\"noopener\">Welcome to Canada<\/a><\/li>\n<li><a href=\"http:\/\/canoo.ca\" target=\"_blank\" rel=\"noopener\">Canoo<\/a><\/li>\n<\/ul>\n<p><b>Makler<\/b><\/p>\n<ul>\n<li><a href=\"https:\/\/happipad.com\/\" target=\"_blank\" rel=\"noopener noreferrer\">Happipad<\/a><\/li>\n<li><a href=\"https:\/\/shahidi.ca\" target=\"_blank\" rel=\"noopener\">Shahidi Real Estate<\/a><\/li>\n<li><a href=\"http:\/\/www.johnmcmahonkelowna.com\" target=\"_blank\" rel=\"noopener\">John McMahon Real Estate<\/a><\/li>\n<\/ul>\n<p><b>Anwerbung<\/b><\/p>\n<ul>\n<li><a href=\"http:\/\/lovehr.ca\/\" target=\"_blank\" rel=\"noopener noreferrer\">Love HR<\/a><\/li>\n<\/ul>\n<p><b>Kanadische Rechtsanw\u00e4lte<\/b><\/p>\n<ul>\n<li><a href=\"https:\/\/www.bryshunmace.com\/\" target=\"_blank\" rel=\"noopener\">Bryshun Mace Lawyers<\/a><\/li>\n<\/ul>\n<p><b>\u00dcbersetzung von Dokumenten f\u00fcr den Visumantrag<\/b><\/p>\n<ul>\n<li><a href=\"https:\/\/redmtrs.ca\" target=\"_blank\" rel=\"noopener noreferrer\">Red Moose Translation &amp; R\u00e9sum\u00e9 Services<\/a><\/li>\n<\/ul>\n<p><em><i>Vorbehalt<\/i>:<\/em> Obwohl wir der Ansicht sind, dass diese Organisationen vertrauensw\u00fcrdig sind, kann Red Moose keinerlei Haftung f\u00fcr den Inhalt ihrer Websites oder die von ihnen angebotenen Produkte und\/oder erbrachten Dienstleistungen \u00fcbernehmen.<\/p>\n<\/div>\n","protected":false},"excerpt":{"rendered":"<p>Diese Seite enth\u00e4lt eine Liste n\u00fctzlicher Links, die speziell zugunsten der derzeitigen und zuk\u00fcnftigen Kunden von Red Moose zusammengestellt wurde. Diese Links k\u00f6nnen allen Personen hilfreich sein, die sich mit einem Visumantrag f\u00fcr Kanada befassen, sei es im Rahmen einer dauerhaften Aufenthaltsgenehmigung oder aber im Rahmen eines Arbeits-, Studenten- oder Touristenvisums. Da Red Moose seinen [&hellip;]<\/p>\n","protected":false},"author":3,"featured_media":0,"parent":0,"menu_order":0,"comment_status":"closed","ping_status":"closed","template":"","meta":{"_genesis_hide_title":false,"_genesis_hide_breadcrumbs":false,"_genesis_hide_singular_image":false,"_genesis_hide_footer_widgets":false,"_genesis_custom_body_class":"","_genesis_custom_post_class":"","_genesis_layout":"","footnotes":""},"class_list":{"0":"post-525","1":"page","2":"type-page","3":"status-publish","5":"entry"},"_links":{"self":[{"href":"https:\/\/redm.ca\/de\/wp-json\/wp\/v2\/pages\/525","targetHints":{"allow":["GET"]}}],"collection":[{"href":"https:\/\/redm.ca\/de\/wp-json\/wp\/v2\/pages"}],"about":[{"href":"https:\/\/redm.ca\/de\/wp-json\/wp\/v2\/types\/page"}],"author":[{"embeddable":true,"href":"https:\/\/redm.ca\/de\/wp-json\/wp\/v2\/users\/3"}],"replies":[{"embeddable":true,"href":"https:\/\/redm.ca\/de\/wp-json\/wp\/v2\/comments?post=525"}],"version-history":[{"count":45,"href":"https:\/\/redm.ca\/de\/wp-json\/wp\/v2\/pages\/525\/revisions"}],"predecessor-version":[{"id":1092,"href":"https:\/\/redm.ca\/de\/wp-json\/wp\/v2\/pages\/525\/revisions\/1092"}],"wp:attachment":[{"href":"https:\/\/redm.ca\/de\/wp-json\/wp\/v2\/media?parent=525"}],"curies":[{"name":"wp","href":"https:\/\/api.w.org\/{rel}","templated":true}]}}