{"id":531,"date":"2014-02-03T09:18:16","date_gmt":"2014-02-03T18:18:16","guid":{"rendered":"http:\/\/redm.ca\/?page_id=531"},"modified":"2020-10-31T10:04:39","modified_gmt":"2020-10-31T19:04:39","slug":"dienstleistung","status":"publish","type":"page","link":"https:\/\/redm.ca\/de\/dienstleistung\/","title":{"rendered":"Dienstleistung"},"content":{"rendered":"<p><b>Qualit<\/b><b>\u00e4<\/b><b>t unserer Dienstleistung<i><br \/><\/i><\/b>Wir von Red Moose geben unser Bestes, um f\u00fcr Sie eine erfolgreiche Abwicklung Ihres Visumantrags f\u00fcr Kanada zu bewirken \u2013 \u00a0gleichg\u00fcltig, ob Sie dauerhaft in Kanada leben oder zu Arbeits-, Studien- oder Besuchszwecken nach Kanada reisen m\u00f6chten. Wir nehmen uns die Zeit, gemeinsam mit Ihnen Ihre pers\u00f6nlichen W\u00fcnsche und Lebensumst\u00e4nde festzuhalten. Anschlie\u00dfend empfehlen wir Ihnen auf dieser Grundlage die f\u00fcr Sie bestm\u00f6gliche Vorgehensweise.<\/p>\n<p><b>Kurzbeschreibung des Antragsverfahrens<i><br \/><\/i><\/b>Das Antragsverfahren besteht aus f\u00fcnf Schritten: einem ersten Gespr\u00e4ch, einem Angebot, der Zusammenstellung der erforderlichen Formulare und Unterlagen, der Einreichung des Antrags und dann schlie\u00dflich dem \u201eAbwarten\u201c. Detaillierte Informationen hinsichtlich dieser einzelnen Schritte finden Sie im Abschnitt <a href=\"http:\/\/www.redm.ca\/das-antragsverfahren\/\">Das Antragsverfahren<\/a>.<\/p>\n<p><b>Vertretung durch Red Moose<i><br \/><\/i><\/b>Die Tatsache, dass Sie sich f\u00fcr eine Vertretung durch Red Moose entscheiden, bedeutet leider nicht, dass das Verfahren bei der kanadischen Einwanderungsbeh\u00f6rde \u201e<em>Immigration, Refugees and Citizenship Canada<\/em>\u201c (<i>IRCC<\/i>) schneller abgewickelt wird oder dass Sie h\u00f6here Erfolgschancen besitzen. Daf\u00fcr wird die Fertigstellung Ihres Antragspakets aufgrund unserer Vermittlung jedoch wesentlich z\u00fcgiger verlaufen, so dass Ihr Visumantrag auch fr\u00fcher bei der IRCC\u00a0eingereicht werden kann. Und da wir daf\u00fcr sorgen, dass Ihr Antragspaket wirklich vollst\u00e4ndig ist und alle erforderlichen Unterlagen enth\u00e4lt, ist die Gefahr einer anschlie\u00dfenden Verz\u00f6gerung bei der IRCC\u00a0ebenfalls wesentlich geringer.<\/p>\n<p><b>Versprechen<i><br \/><\/i><\/b>Wir k\u00f6nnen Ihnen nicht versprechen, dass Ihr Antrag oder Ihre sonstigen Angelegenheiten in Zusammenhang mit Ihrer Einwanderung nach Kanada erfolgreich verlaufen \u2013 somit erhalten Sie von uns allerdings auch keine falschen Zusagen. Was wir Ihnen dahingegen wohl versprechen k\u00f6nnen, ist die Tatsache, dass wir f\u00fcr eine erfolgreiche Abwicklung Ihres Antrags unser Bestes geben werden. Falls wir irgendwelche Bedenken hinsichtlich Ihrer Erfolgschancen haben sollten, bevor Sie sich zu einer Zusammenarbeit mit uns entscheiden, werden wir diese unmittelbar mit Ihnen besprechen. Dies gilt nat\u00fcrlich auch, wenn wir w\u00e4hrend des Antragsverfahrens auf bestimmte Aspekte sto\u00dfen sollten, die unverz\u00fcglich eine n\u00e4here Untersuchung erfordern.<\/p>\n<p>Selbstverst\u00e4ndlich k\u00f6nnen Sie sich auch jederzeit mit anderen Fragen bez\u00fcglich Ihrer Einwanderung nach Kanada an uns wenden \u2013 wir k\u00f6nnen Ihnen zwar nicht versprechen, dass wir stets eine Antwort f\u00fcr Sie parat haben, werden jedoch ganz sicher versuchen, Ihnen den richtigen Weg zu weisen!<\/p>\n<p><b>\u00dc<\/b><b>bersetzungsdienstleistungen<i><br \/><\/i><\/b>Auf Wunsch \u00fcbernimmt Red Moose gerne auch s\u00e4mtliche erforderlichen \u00dcbersetzungen f\u00fcr Ihren Antrag. Einer unserer Mitarbeiter ist gerichtlich erm\u00e4chtigter \u00dcbersetzer mit mehr als 10 Jahren Erfahrung auf dem Gebiet der \u00dcbersetzung juristischer Schriftst\u00fccke. N\u00e4here Informationen sowie ein kostenloses Angebot erhalten Sie unter <a href=\"https:\/\/redmtrs.ca\" target=\"_blank\" rel=\"noopener noreferrer\">Red Moose Translation &amp; R\u00e9sum\u00e9 Services<\/a>.<\/p>\n<p><b>Geheimhaltung<i><br \/><\/i><\/b>Sie k\u00f6nnen darauf vertrauen, dass Red Moose Immigration Services Inc. keine pers\u00f6nlichen Kundendaten an Dritte verkauft oder vermietet, mit Dritten austauscht oder auf irgendeine andere Weise Dritten zur Verf\u00fcgung stellt.<\/p>\n\n\n<div class=\"wp-block-image\"><figure class=\"aligncenter size-large\"><a href=\"https:\/\/redm.ca\/wp-content\/uploads\/2013\/11\/1_iStock_000019561111XSmall_prairie.jpg\" data-rel=\"lightbox-image-0\" data-rl_title=\"\" data-rl_caption=\"\" title=\"\"><img loading=\"lazy\" decoding=\"async\" width=\"424\" height=\"283\" src=\"https:\/\/redm.ca\/wp-content\/uploads\/2013\/11\/1_iStock_000019561111XSmall_prairie.jpg\" alt=\"Der kanadischen Pr\u00e4rie\" class=\"wp-image-811\" srcset=\"https:\/\/redm.ca\/wp-content\/uploads\/2013\/11\/1_iStock_000019561111XSmall_prairie.jpg 424w, https:\/\/redm.ca\/wp-content\/uploads\/2013\/11\/1_iStock_000019561111XSmall_prairie-300x200.jpg 300w\" sizes=\"auto, (max-width: 424px) 100vw, 424px\" \/><\/a><\/figure><\/div>\n\n\n\n<p class=\"has-text-align-center\">Unbegrenzte Weite der kanadischen Pr\u00e4rie<\/p>\n","protected":false},"excerpt":{"rendered":"<p>Qualit\u00e4t unserer DienstleistungWir von Red Moose geben unser Bestes, um f\u00fcr Sie eine erfolgreiche Abwicklung Ihres Visumantrags f\u00fcr Kanada zu bewirken \u2013 \u00a0gleichg\u00fcltig, ob Sie dauerhaft in Kanada leben oder zu Arbeits-, Studien- oder Besuchszwecken nach Kanada reisen m\u00f6chten. Wir nehmen uns die Zeit, gemeinsam mit Ihnen Ihre pers\u00f6nlichen W\u00fcnsche und Lebensumst\u00e4nde festzuhalten. Anschlie\u00dfend empfehlen [&hellip;]<\/p>\n","protected":false},"author":3,"featured_media":0,"parent":0,"menu_order":0,"comment_status":"closed","ping_status":"closed","template":"","meta":{"_genesis_hide_title":false,"_genesis_hide_breadcrumbs":false,"_genesis_hide_singular_image":false,"_genesis_hide_footer_widgets":false,"_genesis_custom_body_class":"","_genesis_custom_post_class":"","_genesis_layout":"","footnotes":""},"class_list":{"0":"post-531","1":"page","2":"type-page","3":"status-publish","5":"entry","6":"has-post-thumbnail"},"_links":{"self":[{"href":"https:\/\/redm.ca\/de\/wp-json\/wp\/v2\/pages\/531","targetHints":{"allow":["GET"]}}],"collection":[{"href":"https:\/\/redm.ca\/de\/wp-json\/wp\/v2\/pages"}],"about":[{"href":"https:\/\/redm.ca\/de\/wp-json\/wp\/v2\/types\/page"}],"author":[{"embeddable":true,"href":"https:\/\/redm.ca\/de\/wp-json\/wp\/v2\/users\/3"}],"replies":[{"embeddable":true,"href":"https:\/\/redm.ca\/de\/wp-json\/wp\/v2\/comments?post=531"}],"version-history":[{"count":6,"href":"https:\/\/redm.ca\/de\/wp-json\/wp\/v2\/pages\/531\/revisions"}],"predecessor-version":[{"id":847,"href":"https:\/\/redm.ca\/de\/wp-json\/wp\/v2\/pages\/531\/revisions\/847"}],"wp:attachment":[{"href":"https:\/\/redm.ca\/de\/wp-json\/wp\/v2\/media?parent=531"}],"curies":[{"name":"wp","href":"https:\/\/api.w.org\/{rel}","templated":true}]}}