{"id":533,"date":"2014-02-03T09:18:54","date_gmt":"2014-02-03T18:18:54","guid":{"rendered":"http:\/\/redm.ca\/?page_id=533"},"modified":"2022-02-08T09:15:22","modified_gmt":"2022-02-08T18:15:22","slug":"kontakt","status":"publish","type":"page","link":"https:\/\/redm.ca\/de\/kontakt\/","title":{"rendered":"Kontakt"},"content":{"rendered":"\n<p>Im Falle von Fragen oder zur Vereinbarung eines Termins k\u00f6nnen Sie uns w\u00e4hrend der B\u00fcrozeiten unter der Telefonnummer <b>+1.250.215.9473<\/b> erreichen. Wenn Sie sich von Westeuropa aus an uns wenden, ber\u00fccksichtigen Sie bitte den Zeitunterschied von 9 Stunden! Nach 17.30 Uhr deutscher Zeit sind wir gut erreichbar.<\/p>\n\n\n\n<p>Ein Termin per Skype oder ein Gespr\u00e4ch \u00fcber FaceTime oder Zoom ist nat\u00fcrlich ebenfalls m\u00f6glich.<\/p>\n\n\n\n<p>Selbstverst\u00e4ndlich k\u00f6nnen Sie uns auch jederzeit erreichen, indem Sie uns eine E-Mail senden (info at redm punkt ca) oder das nachstehende Formular ausf\u00fcllen:<\/p>\n\n\n\n<div class=\"wp-block-contact-form-7-contact-form-selector\">\n<div class=\"wpcf7 no-js\" id=\"wpcf7-f537-o1\" lang=\"en-US\" dir=\"ltr\" data-wpcf7-id=\"537\">\n<div class=\"screen-reader-response\"><p role=\"status\" aria-live=\"polite\" aria-atomic=\"true\"><\/p> <ul><\/ul><\/div>\n<form action=\"\/de\/wp-json\/wp\/v2\/pages\/533#wpcf7-f537-o1\" method=\"post\" class=\"wpcf7-form init\" aria-label=\"Contact form\" novalidate=\"novalidate\" data-status=\"init\">\n<fieldset class=\"hidden-fields-container\"><input type=\"hidden\" name=\"_wpcf7\" value=\"537\" \/><input type=\"hidden\" name=\"_wpcf7_version\" value=\"6.1.5\" \/><input type=\"hidden\" name=\"_wpcf7_locale\" value=\"en_US\" \/><input type=\"hidden\" name=\"_wpcf7_unit_tag\" value=\"wpcf7-f537-o1\" \/><input type=\"hidden\" name=\"_wpcf7_container_post\" value=\"0\" \/><input type=\"hidden\" name=\"_wpcf7_posted_data_hash\" value=\"\" \/>\n<\/fieldset>\n<p>Ihr Name (Pflichtangabe)\n<\/p>\n<p><span class=\"wpcf7-form-control-wrap\" data-name=\"your-name\"><input size=\"40\" maxlength=\"400\" class=\"wpcf7-form-control wpcf7-text wpcf7-validates-as-required\" aria-required=\"true\" aria-invalid=\"false\" value=\"\" type=\"text\" name=\"your-name\" \/><\/span>\n<\/p>\n<p>Ihre E-Mailadresse (Pflichtangabe)\n<\/p>\n<p><span class=\"wpcf7-form-control-wrap\" data-name=\"your-email\"><input size=\"40\" maxlength=\"400\" class=\"wpcf7-form-control wpcf7-email wpcf7-validates-as-required wpcf7-text wpcf7-validates-as-email\" aria-required=\"true\" aria-invalid=\"false\" value=\"\" type=\"email\" name=\"your-email\" \/><\/span>\n<\/p>\n<p>Betreff\n<\/p>\n<p><span class=\"wpcf7-form-control-wrap\" data-name=\"your-subject\"><input size=\"40\" maxlength=\"400\" class=\"wpcf7-form-control wpcf7-text\" aria-invalid=\"false\" value=\"\" type=\"text\" name=\"your-subject\" \/><\/span>\n<\/p>\n<p>Ihre Nachricht\n<\/p>\n<p><span class=\"wpcf7-form-control-wrap\" data-name=\"your-message\"><textarea cols=\"40\" rows=\"10\" maxlength=\"2000\" class=\"wpcf7-form-control wpcf7-textarea\" aria-invalid=\"false\" name=\"your-message\"><\/textarea><\/span>\n<\/p>\n<p>Bitte die Zeichen hierunter einzuf\u00fchren: <small>(Anti-Spam-Filter)<\/small>\n<\/p>\n<p><input type=\"hidden\" name=\"_wpcf7_captcha_challenge_captcha-779\" value=\"2582370102\" \/><img loading=\"lazy\" decoding=\"async\" class=\"wpcf7-form-control wpcf7-captchac wpcf7-captcha-captcha-779\" width=\"72\" height=\"24\" alt=\"captcha\" src=\"https:\/\/redm.ca\/wp-content\/uploads\/wpcf7_captcha\/2582370102.png\" \/>\n<\/p>\n<p><span class=\"wpcf7-form-control-wrap\" data-name=\"captcha-779\"><input size=\"40\" class=\"wpcf7-form-control wpcf7-captchar\" autocomplete=\"off\" aria-invalid=\"false\" value=\"\" type=\"text\" name=\"captcha-779\" \/><\/span>\n<\/p>\n<p><input class=\"wpcf7-form-control wpcf7-submit has-spinner\" type=\"submit\" value=\"Senden\" \/>\n<\/p><p style=\"display: none !important;\" class=\"akismet-fields-container\" data-prefix=\"_wpcf7_ak_\"><label>&#916;<textarea name=\"_wpcf7_ak_hp_textarea\" cols=\"45\" rows=\"8\" maxlength=\"100\"><\/textarea><\/label><input type=\"hidden\" id=\"ak_js_1\" name=\"_wpcf7_ak_js\" value=\"153\"\/><script type=\"text\/javascript\">\n\/* <![CDATA[ *\/\ndocument.getElementById( \"ak_js_1\" ).setAttribute( \"value\", ( new Date() ).getTime() );\n\/* ]]> *\/\n<\/script>\n<\/p><div class=\"wpcf7-response-output\" aria-hidden=\"true\"><\/div>\n<\/form>\n<\/div>\n<\/div>\n\n\n\n<p>Unser&nbsp;B\u00fcro befindet sich in&nbsp;Kelowna, British-Columbia, Kanada.<\/p>\n\n\n\n<p><b>Geheimhaltung<\/b><\/p>\n\n\n\n<p>Sie k\u00f6nnen darauf vertrauen, dass Red Moose Immigration Services Inc. die Namen, E-Mailadressen und jegliche anderweitigen Kundendaten nicht an Dritte verkauft oder vermietet, mit Dritten austauscht oder auf irgendeine andere Weise Dritten zur Verf\u00fcgung stellt.<\/p>\n\n\n\n<div class=\"wp-block-image\"><figure class=\"aligncenter size-large\"><img loading=\"lazy\" decoding=\"async\" width=\"283\" height=\"424\" src=\"https:\/\/redm.ca\/wp-content\/uploads\/2013\/11\/5_iStock_000019553023XSmall_moose.jpg\" alt=\"Unber\u00fchrte Natur der kanadischen Rocky Mountains\" class=\"wp-image-803\" srcset=\"https:\/\/redm.ca\/wp-content\/uploads\/2013\/11\/5_iStock_000019553023XSmall_moose.jpg 283w, https:\/\/redm.ca\/wp-content\/uploads\/2013\/11\/5_iStock_000019553023XSmall_moose-200x300.jpg 200w\" sizes=\"auto, (max-width: 283px) 100vw, 283px\" \/><\/figure><\/div>\n\n\n\n<p class=\"has-text-align-center\">Unber\u00fchrte Natur der kanadischen Rocky Mountains<\/p>\n","protected":false},"excerpt":{"rendered":"<p>Im Falle von Fragen oder zur Vereinbarung eines Termins k\u00f6nnen Sie uns w\u00e4hrend der B\u00fcrozeiten unter der Telefonnummer +1.250.215.9473 erreichen. Wenn Sie sich von Westeuropa aus an uns wenden, ber\u00fccksichtigen Sie bitte den Zeitunterschied von 9 Stunden! Nach 17.30 Uhr deutscher Zeit sind wir gut erreichbar. Ein Termin per Skype oder ein Gespr\u00e4ch \u00fcber FaceTime [&hellip;]<\/p>\n","protected":false},"author":3,"featured_media":0,"parent":0,"menu_order":0,"comment_status":"closed","ping_status":"closed","template":"","meta":{"_genesis_hide_title":false,"_genesis_hide_breadcrumbs":false,"_genesis_hide_singular_image":false,"_genesis_hide_footer_widgets":false,"_genesis_custom_body_class":"","_genesis_custom_post_class":"","_genesis_layout":"","footnotes":""},"class_list":{"0":"post-533","1":"page","2":"type-page","3":"status-publish","5":"entry","6":"has-post-thumbnail"},"_links":{"self":[{"href":"https:\/\/redm.ca\/de\/wp-json\/wp\/v2\/pages\/533","targetHints":{"allow":["GET"]}}],"collection":[{"href":"https:\/\/redm.ca\/de\/wp-json\/wp\/v2\/pages"}],"about":[{"href":"https:\/\/redm.ca\/de\/wp-json\/wp\/v2\/types\/page"}],"author":[{"embeddable":true,"href":"https:\/\/redm.ca\/de\/wp-json\/wp\/v2\/users\/3"}],"replies":[{"embeddable":true,"href":"https:\/\/redm.ca\/de\/wp-json\/wp\/v2\/comments?post=533"}],"version-history":[{"count":15,"href":"https:\/\/redm.ca\/de\/wp-json\/wp\/v2\/pages\/533\/revisions"}],"predecessor-version":[{"id":909,"href":"https:\/\/redm.ca\/de\/wp-json\/wp\/v2\/pages\/533\/revisions\/909"}],"wp:attachment":[{"href":"https:\/\/redm.ca\/de\/wp-json\/wp\/v2\/media?parent=533"}],"curies":[{"name":"wp","href":"https:\/\/api.w.org\/{rel}","templated":true}]}}