{"id":535,"date":"2014-02-03T09:17:45","date_gmt":"2014-02-03T18:17:45","guid":{"rendered":"http:\/\/redm.ca\/?page_id=535"},"modified":"2014-02-03T13:52:00","modified_gmt":"2014-02-03T22:52:00","slug":"datenschutzerklarung","status":"publish","type":"page","link":"https:\/\/redm.ca\/de\/datenschutzerklarung\/","title":{"rendered":"Datenschutzerkl\u00e4rung"},"content":{"rendered":"<p>Wir messen Ihrer Privatsph\u00e4re eine hohe Bedeutung bei und bieten Ihnen aus diesem Grund v\u00f6llige Transparenz bez\u00fcglich der von uns erhobenen Daten und unseres Umgangs mit diesen Daten. Sie k\u00f6nnen darauf vertrauen, dass wir die Namen, E-Mailadressen und jegliche sonstigen Daten unserer Kunden nicht an Dritte verkaufen oder mit Dritten austauschen.<\/p>\n<p><b>Ihre pers<\/b><b>\u00f6<\/b><b>nlichen Daten<\/b><\/p>\n<p>Es ist m\u00f6glich, dass wir \u00fcber die verschiedenen Kontaktformulare auf unserer Website pers\u00f6nliche Daten von Ihnen erhalten haben. Zu diesen Daten geh\u00f6ren unter anderem, jedoch nicht ausschlie\u00dflich: Name, Postanschrift, E-Mailadresse, demografische Daten, Interessen, Vorlieben und Benutzereinstellungen.<\/p>\n<p><b>Verwaltung unserer Kundendaten<\/b><\/p>\n<p>Wir k\u00f6nnen die erhaltenen Daten dazu verwenden, sowohl per Post als auch per E-Mail Kontakt mit unseren Kunden aufzunehmen, um diese \u00fcber neue Produkte und Dienstleistungen zu informieren oder ihnen auf diesem Wege Mitteilungen zukommen zu lassen. Wir werden alles angemessenerweise in unserer Macht Stehende unternehmen, um die uns vorliegenden pers\u00f6nlichen Daten vor Verlust, Missbrauch oder \u00c4nderungen zu sch\u00fctzen. Unsere Datenschutzpolitik wird regelm\u00e4\u00dfig beurteilt und, falls erforderlich, verbessert. Sie sind jederzeit dazu berechtigt, von uns zu verlangen, dass wir Ihren Namen, Ihre Anschrift, Ihre E-Mailadresse und sonstige Daten nicht zu anderen Zwecken als f\u00fcr die Bereitstellung des\/der von Ihnen angeforderten Produkts, Informationen oder Dienstleistung verwenden.<\/p>\n<p><b>Tracking von Besuchern<\/b><\/p>\n<p>Jedes Mal, wenn Sie unsere Website besuchen, erkennt diese automatisch Ihre IP-Adresse, Ihren Internetprovider, Ihre Plattform und Ihren Browser. Zudem erheben wir auch statistische Daten \u00fcber die abgerufenen Seiten und Abbildungen auf unserer Website. Auf der Grundlage der Logdateien unserer Website k\u00f6nnen Sie jedoch nicht identifiziert werden.<\/p>\n<p><b>Verwendung von Cookies<\/b><\/p>\n<p>Wir verwenden Cookies, ohne Missbrauch von diesen zu machen, und zwar zur Verbesserung Ihres Browsererlebnisses. Ein Cookie zeigt uns lediglich, dass Sie unsere Website besucht haben; anschlie\u00dfend k\u00f6nnen wir Ihren Besuch auf dieser Grundlage personifizieren, so dass Sie bereits vorher erteilte Angaben nicht erneut eingeben m\u00fcssen. In einem Cookie werden keine pers\u00f6nlichen Daten gespeichert, wie etwa eine E-Mailadresse, Adressdaten oder eine Telefonnummer. Die Cookies werden von uns nicht zur Erfassung pers\u00f6nlicher Daten verwendet.<\/p>\n<p><b>Sicherheit<\/b><\/p>\n<p>Die Server unserer Website, E-Mail und Datenbank werden in einem \u00e4u\u00dferst sicheren und modernen Datenzentrum verwaltet, das stets \u00fcber die neuesten Firewalls verf\u00fcgt (Schutz vor virtuellen Eindringlingen). Unsere Server sind stets mit dem aktuellsten Sicherheitsupdate des Herstellers ausgestattet. Sie werden durch zwei verschiedene Umspannwerke gespeist, wobei der Strom durch Glasfaserkabel \u00fcber zwei gesonderte Leitungen mit verschiedenen geographischen Routen bereitgestellt wird (zwei Kabel verschiedener Netzknoten (an ein Netzwerk angeschlossener Computerterminal), die jeweils \u00fcber eine andere Strecke verlaufen). Jede Nacht wird ein Back-up von allen Daten durchgef\u00fchrt<\/p>\n<p>.<\/p>\n","protected":false},"excerpt":{"rendered":"<p>Wir messen Ihrer Privatsph\u00e4re eine hohe Bedeutung bei und bieten Ihnen aus diesem Grund v\u00f6llige Transparenz bez\u00fcglich der von uns erhobenen Daten und unseres Umgangs mit diesen Daten. Sie k\u00f6nnen darauf vertrauen, dass wir die Namen, E-Mailadressen und jegliche sonstigen Daten unserer Kunden nicht an Dritte verkaufen oder mit Dritten austauschen. Ihre pers\u00f6nlichen Daten Es [&hellip;]<\/p>\n","protected":false},"author":3,"featured_media":0,"parent":0,"menu_order":0,"comment_status":"closed","ping_status":"closed","template":"","meta":{"_genesis_hide_title":false,"_genesis_hide_breadcrumbs":false,"_genesis_hide_singular_image":false,"_genesis_hide_footer_widgets":false,"_genesis_custom_body_class":"","_genesis_custom_post_class":"","_genesis_layout":"","footnotes":""},"class_list":{"0":"post-535","1":"page","2":"type-page","3":"status-publish","5":"entry"},"_links":{"self":[{"href":"https:\/\/redm.ca\/de\/wp-json\/wp\/v2\/pages\/535","targetHints":{"allow":["GET"]}}],"collection":[{"href":"https:\/\/redm.ca\/de\/wp-json\/wp\/v2\/pages"}],"about":[{"href":"https:\/\/redm.ca\/de\/wp-json\/wp\/v2\/types\/page"}],"author":[{"embeddable":true,"href":"https:\/\/redm.ca\/de\/wp-json\/wp\/v2\/users\/3"}],"replies":[{"embeddable":true,"href":"https:\/\/redm.ca\/de\/wp-json\/wp\/v2\/comments?post=535"}],"version-history":[{"count":2,"href":"https:\/\/redm.ca\/de\/wp-json\/wp\/v2\/pages\/535\/revisions"}],"predecessor-version":[{"id":566,"href":"https:\/\/redm.ca\/de\/wp-json\/wp\/v2\/pages\/535\/revisions\/566"}],"wp:attachment":[{"href":"https:\/\/redm.ca\/de\/wp-json\/wp\/v2\/media?parent=535"}],"curies":[{"name":"wp","href":"https:\/\/api.w.org\/{rel}","templated":true}]}}